{"id":6605,"date":"2021-08-26T10:38:43","date_gmt":"2021-08-26T08:38:43","guid":{"rendered":"https:\/\/www.caminodelosjesuitas.com\/politica-de-cookies\/"},"modified":"2021-09-01T16:12:22","modified_gmt":"2021-09-01T14:12:22","slug":"politica-de-cookies","status":"publish","type":"page","link":"https:\/\/www.caminodelosjesuitas.com\/pt-br\/politica-de-cookies\/","title":{"rendered":"Pol\u00edtica de cookies"},"content":{"rendered":"<p><strong>Cookies <\/strong><\/p>\n<p>Nossa Pol\u00edtica de Privacidade explica nossos princ\u00edpios relativos \u00e0 coleta, coleta e processamento de suas informa\u00e7\u00f5es pessoais. Esta Pol\u00edtica de Cookies complementa a Pol\u00edtica de Privacidade e explica especificamente como implementamos os cookies e outras tecnologias de rastreamento, bem como as op\u00e7\u00f5es que voc\u00ea tem para gerenci\u00e1-los e configur\u00e1-los.<\/p>\n<ol>\n<li><strong>O que s\u00e3o cookies?<\/strong><\/li>\n<\/ol>\n<p>Os cookies s\u00e3o pequenos arquivos de dados armazenados em arquivos de texto que s\u00e3o colocados no dispositivo do usu\u00e1rio e permitem o armazenamento de informa\u00e7\u00f5es relacionadas \u00e0 navega\u00e7\u00e3o realizada.\u00a0 Em geral, eles s\u00e3o usados para armazenar e processar informa\u00e7\u00f5es sobre os h\u00e1bitos de navega\u00e7\u00e3o do usu\u00e1rio ou seus dispositivos, seja atrav\u00e9s de cookies de sess\u00e3o ou cookies permanentes. Os cookies garantem uma navega\u00e7\u00e3o consistente e eficiente para os usu\u00e1rios e executam fun\u00e7\u00f5es essenciais, como permitir que os usu\u00e1rios fa\u00e7am login e permane\u00e7am logados. O usu\u00e1rio sempre tem a op\u00e7\u00e3o de impedir a implementa\u00e7\u00e3o de cookies, selecionando a op\u00e7\u00e3o correspondente nas configura\u00e7\u00f5es de seu navegador.<\/p>\n<p><strong>2. Como usamos os cookies? <\/strong><\/p>\n<p>Utilizamos cookies para diferentes fins. Alguns cookies s\u00e3o necess\u00e1rios por raz\u00f5es t\u00e9cnicas, alguns nos permitem coletar dados anal\u00edticos dos usu\u00e1rios e outros nos permitem obter informa\u00e7\u00f5es de tr\u00e1fego ou para lembrar a\u00e7\u00f5es e prefer\u00eancias dos usu\u00e1rios. Para estes fins, utilizamos cookies pr\u00f3prios, de terceiros, de sess\u00e3o, permanentes, anal\u00edticos, publicit\u00e1rios e de personaliza\u00e7\u00e3o.<\/p>\n<p>Os cookies podem ser configurados no momento em que o usu\u00e1rio acessa nosso site. Para mais informa\u00e7\u00f5es sobre as escolhas que voc\u00ea tem sobre os cookies que utilizamos, consulte a se\u00e7\u00e3o abaixo intitulada Gerenciando Cookies.<\/p>\n<p><strong>3. Tipos de cookies que usamos e sua finalidade <\/strong><\/p>\n<p>Nosso website utiliza cookies e\/ou tecnologias similares que armazenam e processam informa\u00e7\u00f5es quando voc\u00ea navega. Em geral, estas tecnologias podem servir a uma variedade de prop\u00f3sitos, tais como reconhecer voc\u00ea como usu\u00e1rio ou coletar informa\u00e7\u00f5es sobre seus h\u00e1bitos de navega\u00e7\u00e3o. Os tipos e usos que fazemos dessas tecnologias s\u00e3o descritos abaixo:<\/p>\n<p><strong>Tecnicamente necess\u00e1rio:<\/strong> Estes cookies s\u00e3o essenciais para que nosso site possa desempenhar suas fun\u00e7\u00f5es b\u00e1sicas.<\/p>\n<p><strong>Pr\u00f3prias: <\/strong>Estes s\u00e3o os que enviamos para seu dispositivo a partir de nossos pr\u00f3prios servidores.<\/p>\n<p><strong>De terceiros:<\/strong> Os cookies s\u00e3o aqueles que s\u00e3o enviados a seu dispositivo a partir de um dom\u00ednio ou website que n\u00e3o \u00e9 gerenciado por n\u00f3s, mas por outra entidade que processa os dados obtidos atrav\u00e9s dos cookies.<\/p>\n<p><strong>De sess\u00e3o: <\/strong>Estes s\u00e3o um tipo de cookie projetado para coletar e armazenar dados enquanto voc\u00ea acessa nosso website.<\/p>\n<p><strong>Permanentes:<\/strong> Estes s\u00e3o um tipo de cookie cuja finalidade \u00e9 manter os dados armazenados no terminal e que podem ser acessados e processados por um determinado per\u00edodo de tempo.<\/p>\n<p><strong>An\u00e1lise: <\/strong>Estes s\u00e3o cookies que nos permitem quantificar o n\u00famero de usu\u00e1rios e coletar dados anal\u00edticos sobre como os usu\u00e1rios interagem com nosso website. Utilizamos estas informa\u00e7\u00f5es para melhorar o funcionamento e a efic\u00e1cia de nosso website.<\/p>\n<p><strong>Personaliza\u00e7\u00e3o: <\/strong>Estes cookies s\u00e3o usados para armazenar as prefer\u00eancias definidas pelos usu\u00e1rios.<\/p>\n<p><strong>Publicidade: <\/strong>S\u00e3o aquelas que nos permitem analisar os h\u00e1bitos de navega\u00e7\u00e3o e assim poder exibir publicidade relacionada ao seu perfil. Esses cookies s\u00e3o usados para fornecer publicidade relevante aos usu\u00e1rios do site, bem como para compreender a efic\u00e1cia das propagandas servidas. Eles tamb\u00e9m s\u00e3o usados para criar perfis de usu\u00e1rios e exibir an\u00fancios com base em a\u00e7\u00f5es que voc\u00ea tomou no site.<\/p>\n<p><strong>Utilizamos os seguintes cookies de terceiros em nosso site: <\/strong><\/p>\n<ul>\n<li><strong>Google Analytics. <\/strong>Ele nos permite medir m\u00e9tricas relacionadas ao tr\u00e1fego de usu\u00e1rios e visitantes em nosso site, seu comportamento a fim de analisar defici\u00eancias no site e melhorar a experi\u00eancia do usu\u00e1rio. Aumentar tamb\u00e9m nossas convers\u00f5es de usu\u00e1rios.<\/li>\n<li><strong>Google Site Tags. <\/strong>Ele nos permite subdividir os diferentes elementos de nosso website para que possamos acompanhar melhor o comportamento de nossos usu\u00e1rios e compreender quais elementos funcionam melhor para sua experi\u00eancia de usu\u00e1rio. Este mecanismo funciona atrav\u00e9s de tags, c\u00f3digos de rastreamento e trechos de c\u00f3digo em nosso site.<\/li>\n<li><strong>FB P\u00edxel (Facebook Ads). <\/strong>Ele nos permite analisar e medir a efic\u00e1cia de nossa publicidade e tamb\u00e9m exibir an\u00fancios relevantes ao comportamento de nossos usu\u00e1rios em nosso site e no Facebook.<\/li>\n<li><strong>Google Tag Manager. <\/strong>Ele nos permite gerenciar as tags utilizadas para analisar e melhorar o comportamento de nossos usu\u00e1rios e tamb\u00e9m para gerenciar outros cookies em nosso website.<\/li>\n<li><strong>Google Ads. <\/strong>An\u00fancios em diferentes formas, como banners, palavras-chave que nos permitem chegar aos usu\u00e1rios para ajud\u00e1-los a encontrar nossos produtos\/nossa marca de forma mais eficaz quando eles est\u00e3o procurando uma solu\u00e7\u00e3o ou componente relacionado ao nosso neg\u00f3cio.<\/li>\n<li><strong>Google Ads Manager. <\/strong>Isso nos permite saber o qu\u00e3o eficazes s\u00e3o nossas campanhas publicit\u00e1rias, rastreando o comportamento das pessoas que viram an\u00fancios como impress\u00f5es e\/ou usu\u00e1rios que clicam em nosso site a partir de um determinado an\u00fancio.<\/li>\n<\/ul>\n<p><strong>4. Consentimento <\/strong><\/p>\n<p>Informamos que podemos utilizar cookies em seus dispositivos desde que o usu\u00e1rio tenha dado seu consentimento pr\u00e9vio, exceto nos casos em que os cookies sejam estritamente necess\u00e1rios para a navega\u00e7\u00e3o.<\/p>\n<p>Para este fim, gostar\u00edamos de salientar que o uso de diferentes cookies nos permite distingui-lo de outros usu\u00e1rios e identificar problemas, bem como melhorar nosso website. Caso o usu\u00e1rio consinta, utilizaremos cookies que nos permitir\u00e3o ter mais informa\u00e7\u00f5es sobre suas prefer\u00eancias e h\u00e1bitos de navega\u00e7\u00e3o.<\/p>\n<p>Tamb\u00e9m informamos que voc\u00ea pode bloquear ou desativar os cookies atrav\u00e9s das configura\u00e7\u00f5es de seu navegador.<\/p>\n<p>Se voc\u00ea desejar revogar seu consentimento \u00e0 nossa pol\u00edtica de cookies, voc\u00ea dever\u00e1 exclu\u00ed-los em seu dispositivo atrav\u00e9s das configura\u00e7\u00f5es de seu navegador de Internet.<\/p>\n<p><strong>5. Administra\u00e7\u00e3o de cookies <\/strong><\/p>\n<p>A maioria dos navegadores modernos permite que voc\u00ea altere suas configura\u00e7\u00f5es de cookies. Estas configura\u00e7\u00f5es geralmente podem ser encontradas no menu de op\u00e7\u00f5es ou prefer\u00eancias do navegador. Para entender estas configura\u00e7\u00f5es, consulte os seguintes links para os navegadores mais usados ou use a op\u00e7\u00e3o de ajuda em seu navegador para obter mais informa\u00e7\u00f5es:<\/p>\n<ul>\n<li><strong>Configura\u00e7\u00e3o de cookies em Microsoft Edge: <\/strong>Dispon\u00edvel no link: https:\/\/support.microsoft.com\/es-es\/help\/17442\/windows-internet-explorer-delete-manage-cookies<\/li>\n<li><strong>Configura\u00e7\u00e3o de cookies no Firefox:<\/strong> Dispon\u00edvel no link: https:\/\/support.mozilla.org\/es\/kb\/habilitar-y-deshabilitar-cookies-sitios-web-rastrear-preferencias<\/li>\n<li><strong>Configura\u00e7\u00e3o de cookies no Google Chrome:<\/strong> Dispon\u00edvel no link: https:\/\/support.google.com\/accounts\/answer\/61416?co=GENIE.Platform%3DDesktop&amp;hl=es<\/li>\n<li><strong>Configura\u00e7\u00e3o de cookies no Safari:<\/strong> Dispon\u00edvel no link: https:\/\/support.apple.com\/kb\/PH21416?locale=es_ES&amp;viewlocale=es_ES<\/li>\n<\/ul>\n<p>Se voc\u00ea n\u00e3o usar nenhum dos navegadores acima, voc\u00ea deve selecionar &#8220;cookies&#8221; na fun\u00e7\u00e3o &#8220;Ajuda&#8221; para obter informa\u00e7\u00f5es sobre onde encontrar sua pasta de cookies.<\/p>\n<p>Se voc\u00ea desativar os cookies, observe que voc\u00ea ainda poder\u00e1 utilizar nosso website. No entanto, algumas das fun\u00e7\u00f5es deste site podem n\u00e3o estar totalmente funcionais.<\/p>\n<p><strong>6. Outros<\/strong><\/p>\n<p>Encorajamos voc\u00ea a rever esta Pol\u00edtica cada vez que acessar nosso website a fim de estar devidamente informado de quaisquer mudan\u00e7as nesta Pol\u00edtica.<\/p>\n<p>Se voc\u00ea tiver alguma d\u00favida sobre os cookies que usamos, voc\u00ea pode encontrar os \u00faltimos detalhes de contato em nossa Pol\u00edtica de Privacidade.<\/p>\n<p>Finalmente, encorajamos voc\u00ea a rever nossa Pol\u00edtica de Privacidade para obter mais informa\u00e7\u00f5es sobre seus direitos em rela\u00e7\u00e3o aos seus dados pessoais.<\/p>\n","protected":false},"excerpt":{"rendered":"<p>Cookies Nossa Pol\u00edtica de Privacidade explica nossos princ\u00edpios relativos \u00e0 coleta, coleta e processamento de suas informa\u00e7\u00f5es pessoais. Esta Pol\u00edtica de Cookies complementa a Pol\u00edtica de Privacidade e explica especificamente como implementamos os cookies e outras tecnologias de rastreamento, bem como as op\u00e7\u00f5es que voc\u00ea tem para gerenci\u00e1-los e configur\u00e1-los. O que s\u00e3o cookies? Os &#8230; <a title=\"Pol\u00edtica de cookies\" class=\"read-more\" href=\"https:\/\/www.caminodelosjesuitas.com\/pt-br\/politica-de-cookies\/\" aria-label=\"Read more about Pol\u00edtica de cookies\">Ler mais<\/a><\/p>\n","protected":false},"author":5,"featured_media":0,"parent":0,"menu_order":0,"comment_status":"closed","ping_status":"closed","template":"","meta":{"_acf_changed":false,"inline_featured_image":false,"footnotes":""},"class_list":["post-6605","page","type-page","status-publish"],"acf":[],"yoast_head":"<!-- This site is optimized with the Yoast SEO plugin v25.4 - https:\/\/yoast.com\/wordpress\/plugins\/seo\/ -->\n<title>Pol\u00edtica de cookies - Camino de los Jesuitas<\/title>\n<meta name=\"robots\" content=\"index, follow, max-snippet:-1, max-image-preview:large, max-video-preview:-1\" \/>\n<link rel=\"canonical\" href=\"https:\/\/www.caminodelosjesuitas.com\/pt-br\/politica-de-cookies\/\" \/>\n<meta property=\"og:locale\" content=\"pt_BR\" \/>\n<meta property=\"og:type\" content=\"article\" \/>\n<meta property=\"og:title\" content=\"Pol\u00edtica de cookies - Camino de los Jesuitas\" \/>\n<meta property=\"og:description\" content=\"Cookies Nossa Pol\u00edtica de Privacidade explica nossos princ\u00edpios relativos \u00e0 coleta, coleta e processamento de suas informa\u00e7\u00f5es pessoais. Esta Pol\u00edtica de Cookies complementa a Pol\u00edtica de Privacidade e explica especificamente como implementamos os cookies e outras tecnologias de rastreamento, bem como as op\u00e7\u00f5es que voc\u00ea tem para gerenci\u00e1-los e configur\u00e1-los. O que s\u00e3o cookies? Os ... Ler mais\" \/>\n<meta property=\"og:url\" content=\"https:\/\/www.caminodelosjesuitas.com\/pt-br\/politica-de-cookies\/\" \/>\n<meta property=\"og:site_name\" content=\"Camino de los Jesuitas\" \/>\n<meta property=\"article:modified_time\" content=\"2021-09-01T14:12:22+00:00\" \/>\n<meta name=\"twitter:card\" content=\"summary_large_image\" \/>\n<meta name=\"twitter:label1\" content=\"Est. tempo de leitura\" \/>\n\t<meta name=\"twitter:data1\" content=\"5 minutos\" \/>\n<script type=\"application\/ld+json\" class=\"yoast-schema-graph\">{\"@context\":\"https:\/\/schema.org\",\"@graph\":[{\"@type\":\"WebPage\",\"@id\":\"https:\/\/www.caminodelosjesuitas.com\/pt-br\/politica-de-cookies\/\",\"url\":\"https:\/\/www.caminodelosjesuitas.com\/pt-br\/politica-de-cookies\/\",\"name\":\"Pol\u00edtica de cookies - Camino de los Jesuitas\",\"isPartOf\":{\"@id\":\"https:\/\/www.caminodelosjesuitas.com\/pt-br\/#website\"},\"datePublished\":\"2021-08-26T08:38:43+00:00\",\"dateModified\":\"2021-09-01T14:12:22+00:00\",\"breadcrumb\":{\"@id\":\"https:\/\/www.caminodelosjesuitas.com\/pt-br\/politica-de-cookies\/#breadcrumb\"},\"inLanguage\":\"pt-BR\",\"potentialAction\":[{\"@type\":\"ReadAction\",\"target\":[\"https:\/\/www.caminodelosjesuitas.com\/pt-br\/politica-de-cookies\/\"]}]},{\"@type\":\"BreadcrumbList\",\"@id\":\"https:\/\/www.caminodelosjesuitas.com\/pt-br\/politica-de-cookies\/#breadcrumb\",\"itemListElement\":[{\"@type\":\"ListItem\",\"position\":1,\"name\":\"Home\",\"item\":\"https:\/\/www.caminodelosjesuitas.com\/pt-br\/\"},{\"@type\":\"ListItem\",\"position\":2,\"name\":\"Pol\u00edtica de cookies\"}]},{\"@type\":\"WebSite\",\"@id\":\"https:\/\/www.caminodelosjesuitas.com\/pt-br\/#website\",\"url\":\"https:\/\/www.caminodelosjesuitas.com\/pt-br\/\",\"name\":\"Camino de los Jesuitas\",\"description\":\"Una gran historia. Mil aventuras.\",\"publisher\":{\"@id\":\"https:\/\/www.caminodelosjesuitas.com\/pt-br\/#organization\"},\"potentialAction\":[{\"@type\":\"SearchAction\",\"target\":{\"@type\":\"EntryPoint\",\"urlTemplate\":\"https:\/\/www.caminodelosjesuitas.com\/pt-br\/?s={search_term_string}\"},\"query-input\":{\"@type\":\"PropertyValueSpecification\",\"valueRequired\":true,\"valueName\":\"search_term_string\"}}],\"inLanguage\":\"pt-BR\"},{\"@type\":\"Organization\",\"@id\":\"https:\/\/www.caminodelosjesuitas.com\/pt-br\/#organization\",\"name\":\"Camino de los Jesuitas\",\"url\":\"https:\/\/www.caminodelosjesuitas.com\/pt-br\/\",\"logo\":{\"@type\":\"ImageObject\",\"inLanguage\":\"pt-BR\",\"@id\":\"https:\/\/www.caminodelosjesuitas.com\/pt-br\/#\/schema\/logo\/image\/\",\"url\":\"https:\/\/www.caminodelosjesuitas.com\/wp-content\/uploads\/2025\/11\/logo-header-caminos.svg\",\"contentUrl\":\"https:\/\/www.caminodelosjesuitas.com\/wp-content\/uploads\/2025\/11\/logo-header-caminos.svg\",\"caption\":\"Camino de los Jesuitas\"},\"image\":{\"@id\":\"https:\/\/www.caminodelosjesuitas.com\/pt-br\/#\/schema\/logo\/image\/\"}}]}<\/script>\n<!-- \/ Yoast SEO plugin. -->","yoast_head_json":{"title":"Pol\u00edtica de cookies - Camino de los Jesuitas","robots":{"index":"index","follow":"follow","max-snippet":"max-snippet:-1","max-image-preview":"max-image-preview:large","max-video-preview":"max-video-preview:-1"},"canonical":"https:\/\/www.caminodelosjesuitas.com\/pt-br\/politica-de-cookies\/","og_locale":"pt_BR","og_type":"article","og_title":"Pol\u00edtica de cookies - Camino de los Jesuitas","og_description":"Cookies Nossa Pol\u00edtica de Privacidade explica nossos princ\u00edpios relativos \u00e0 coleta, coleta e processamento de suas informa\u00e7\u00f5es pessoais. Esta Pol\u00edtica de Cookies complementa a Pol\u00edtica de Privacidade e explica especificamente como implementamos os cookies e outras tecnologias de rastreamento, bem como as op\u00e7\u00f5es que voc\u00ea tem para gerenci\u00e1-los e configur\u00e1-los. O que s\u00e3o cookies? Os ... Ler mais","og_url":"https:\/\/www.caminodelosjesuitas.com\/pt-br\/politica-de-cookies\/","og_site_name":"Camino de los Jesuitas","article_modified_time":"2021-09-01T14:12:22+00:00","twitter_card":"summary_large_image","twitter_misc":{"Est. tempo de leitura":"5 minutos"},"schema":{"@context":"https:\/\/schema.org","@graph":[{"@type":"WebPage","@id":"https:\/\/www.caminodelosjesuitas.com\/pt-br\/politica-de-cookies\/","url":"https:\/\/www.caminodelosjesuitas.com\/pt-br\/politica-de-cookies\/","name":"Pol\u00edtica de cookies - Camino de los Jesuitas","isPartOf":{"@id":"https:\/\/www.caminodelosjesuitas.com\/pt-br\/#website"},"datePublished":"2021-08-26T08:38:43+00:00","dateModified":"2021-09-01T14:12:22+00:00","breadcrumb":{"@id":"https:\/\/www.caminodelosjesuitas.com\/pt-br\/politica-de-cookies\/#breadcrumb"},"inLanguage":"pt-BR","potentialAction":[{"@type":"ReadAction","target":["https:\/\/www.caminodelosjesuitas.com\/pt-br\/politica-de-cookies\/"]}]},{"@type":"BreadcrumbList","@id":"https:\/\/www.caminodelosjesuitas.com\/pt-br\/politica-de-cookies\/#breadcrumb","itemListElement":[{"@type":"ListItem","position":1,"name":"Home","item":"https:\/\/www.caminodelosjesuitas.com\/pt-br\/"},{"@type":"ListItem","position":2,"name":"Pol\u00edtica de cookies"}]},{"@type":"WebSite","@id":"https:\/\/www.caminodelosjesuitas.com\/pt-br\/#website","url":"https:\/\/www.caminodelosjesuitas.com\/pt-br\/","name":"Camino de los Jesuitas","description":"Una gran historia. Mil aventuras.","publisher":{"@id":"https:\/\/www.caminodelosjesuitas.com\/pt-br\/#organization"},"potentialAction":[{"@type":"SearchAction","target":{"@type":"EntryPoint","urlTemplate":"https:\/\/www.caminodelosjesuitas.com\/pt-br\/?s={search_term_string}"},"query-input":{"@type":"PropertyValueSpecification","valueRequired":true,"valueName":"search_term_string"}}],"inLanguage":"pt-BR"},{"@type":"Organization","@id":"https:\/\/www.caminodelosjesuitas.com\/pt-br\/#organization","name":"Camino de los Jesuitas","url":"https:\/\/www.caminodelosjesuitas.com\/pt-br\/","logo":{"@type":"ImageObject","inLanguage":"pt-BR","@id":"https:\/\/www.caminodelosjesuitas.com\/pt-br\/#\/schema\/logo\/image\/","url":"https:\/\/www.caminodelosjesuitas.com\/wp-content\/uploads\/2025\/11\/logo-header-caminos.svg","contentUrl":"https:\/\/www.caminodelosjesuitas.com\/wp-content\/uploads\/2025\/11\/logo-header-caminos.svg","caption":"Camino de los Jesuitas"},"image":{"@id":"https:\/\/www.caminodelosjesuitas.com\/pt-br\/#\/schema\/logo\/image\/"}}]}},"_links":{"self":[{"href":"https:\/\/www.caminodelosjesuitas.com\/pt-br\/wp-json\/wp\/v2\/pages\/6605","targetHints":{"allow":["GET"]}}],"collection":[{"href":"https:\/\/www.caminodelosjesuitas.com\/pt-br\/wp-json\/wp\/v2\/pages"}],"about":[{"href":"https:\/\/www.caminodelosjesuitas.com\/pt-br\/wp-json\/wp\/v2\/types\/page"}],"author":[{"embeddable":true,"href":"https:\/\/www.caminodelosjesuitas.com\/pt-br\/wp-json\/wp\/v2\/users\/5"}],"replies":[{"embeddable":true,"href":"https:\/\/www.caminodelosjesuitas.com\/pt-br\/wp-json\/wp\/v2\/comments?post=6605"}],"version-history":[{"count":0,"href":"https:\/\/www.caminodelosjesuitas.com\/pt-br\/wp-json\/wp\/v2\/pages\/6605\/revisions"}],"wp:attachment":[{"href":"https:\/\/www.caminodelosjesuitas.com\/pt-br\/wp-json\/wp\/v2\/media?parent=6605"}],"curies":[{"name":"wp","href":"https:\/\/api.w.org\/{rel}","templated":true}]}}