{"id":6584,"date":"2021-08-26T10:17:58","date_gmt":"2021-08-26T08:17:58","guid":{"rendered":"https:\/\/www.caminodelosjesuitas.com\/politica-de-privacidade\/"},"modified":"2021-08-26T10:30:36","modified_gmt":"2021-08-26T08:30:36","slug":"politica-de-privacidade","status":"publish","type":"page","link":"https:\/\/www.caminodelosjesuitas.com\/pt-br\/politica-de-privacidade\/","title":{"rendered":"Pol\u00edtica de Privacidade"},"content":{"rendered":"\t\t<div data-elementor-type=\"wp-page\" data-elementor-id=\"6584\" data-post-id=\"6584\" data-obj-id=\"6584\" class=\"elementor elementor-6584 dce-elementor-post-6584 elementor-3001\" data-elementor-post-type=\"page\">\n\t\t\t\t\t\t<section class=\"elementor-section elementor-top-section elementor-element elementor-element-9f8476a elementor-section-boxed elementor-section-height-default elementor-section-height-default\" data-id=\"9f8476a\" data-element_type=\"section\">\n\t\t\t\t\t\t<div class=\"elementor-container elementor-column-gap-default\">\n\t\t\t\t\t<div class=\"elementor-column elementor-col-100 elementor-top-column elementor-element elementor-element-c9f562f\" data-id=\"c9f562f\" data-element_type=\"column\">\n\t\t\t<div class=\"elementor-widget-wrap elementor-element-populated\">\n\t\t\t\t\t\t<div class=\"elementor-element elementor-element-2a89530 elementor-widget elementor-widget-text-editor\" data-id=\"2a89530\" data-element_type=\"widget\" data-widget_type=\"text-editor.default\">\n\t\t\t\t<div class=\"elementor-widget-container\">\n\t\t\t\t\t\t\t\t\t<p><strong>INTRODU\u00c7\u00c3O<\/strong><\/p>\n<p>Esta Pol\u00edtica de Privacidade estabelece as pol\u00edticas e pr\u00e1ticas de prote\u00e7\u00e3o de dados do website do Banco Interamericano de Desenvolvimento (\u201cBID\u201d, \u201cn\u00f3s\u201d ou \u201cnosso\u201d), geralmente indicado pela URL \u201ciadb.org\u201d e seus dom\u00ednios de n\u00edvel inferior (o \u201cSite\u201d). Conforme explicado nos Termos de Uso do BID, em que esta Pol\u00edtica de Privacidade \u00e9 incorporada por refer\u00eancia, o BID \u00e9 uma organiza\u00e7\u00e3o internacional estabelecida por seus pa\u00edses membros nos termos do Conv\u00eanio Constitutivo do Banco Interamericano de Desenvolvimento. Para mais informa\u00e7\u00f5es sobre o BID, e sobre o Site e suas opera\u00e7\u00f5es, leia com aten\u00e7\u00e3o os Termos de Uso do BID. Alguns recursos ou fun\u00e7\u00f5es do Site podem, agora ou no futuro, requerer a cria\u00e7\u00e3o de uma identifica\u00e7\u00e3o de usu\u00e1rio e a aceita\u00e7\u00e3o de outros termos de uso, ou de termos de uso adicionais, que tamb\u00e9m podem incluir pol\u00edticas de privacidade diferentes.<\/p>\n<p>Ao usar o Site, voc\u00ea (\u201cUsu\u00e1rio\u201d) concorda com os termos desta Pol\u00edtica de Privacidade, incluindo que elas podem ser alteradas de tempos em tempos. Seu uso do Site, portanto, constitui seu consentimento para que coletemos, usemos e divulguemos informa\u00e7\u00f5es pessoais que coletarmos por meio de nosso Site, de acordo com os termos aqui descritos. Certifique-se de ler esta Pol\u00edtica de Privacidade inteira antes de usar o Site.<\/p>\n<p>Conforme o Site \u00e9 atualizado e expandido, nossa Pol\u00edtica de Privacidade pode mudar, portanto revise a Pol\u00edtica de Privacidade postada de tempos em tempos. N\u00f3s o notificaremos sobre mudan\u00e7as materiais no modo como tratamos informa\u00e7\u00f5es pessoais por meio de um aviso no Site ou enviando-lhe um e-mail (se voc\u00ea tiver nos fornecido seu endere\u00e7o de e-mail).<\/p>\n<p><strong>\u00c2MBITO E DEFINI\u00c7\u00d5ES<\/strong><\/p>\n<p>Esta Pol\u00edtica de Privacidade estabelece nossas pol\u00edticas e pr\u00e1ticas referentes a informa\u00e7\u00f5es relacionadas a visitantes do Site, incluindo o modo como coletamos, usamos, compartilhamos e armazenamos essas informa\u00e7\u00f5es. Embora esta Pol\u00edtica se aplique apenas a informa\u00e7\u00f5es coletadas por meio do Site, ela \u00e9 consistente com nossas pol\u00edticas e pr\u00e1ticas referentes a todas as informa\u00e7\u00f5es pessoais recebidas pelo BID, seja em formato eletr\u00f4nico, em papel ou verbal.<\/p>\n<p>Conforme usados nesta Pol\u00edtica, os termos a seguir t\u00eam um significado espec\u00edfico:<\/p>\n<p>Informa\u00e7\u00e3o Pessoalmente Identific\u00e1vel<\/p>\n<p>IPIs s\u00e3o informa\u00e7\u00f5es sobre ou referentes a um indiv\u00edduo espec\u00edfico e que podem ser associadas a (identificadas com) esse indiv\u00edduo.<\/p>\n<p>Informa\u00e7\u00e3o An\u00f4nima<\/p>\n<p>Informa\u00e7\u00f5es agregadas, informa\u00e7\u00f5es demogr\u00e1ficas e qualquer outra informa\u00e7\u00e3o que n\u00e3o revele a identidade espec\u00edfica de um indiv\u00edduo.<\/p>\n<p>Endere\u00e7o IP<\/p>\n<p>O endere\u00e7o Internet Protocol do computador que um indiv\u00edduo usa para acessar o Site (e a internet de modo mais geral).<\/p>\n<p><strong>COLETA DE INFORMA\u00c7\u00d5ES POR MEIO DO SITE<\/strong><\/p>\n<p>Informa\u00e7\u00f5es que voc\u00ea fornece<\/p>\n<p>Coletaremos as IPIs que voc\u00ea nos fornecer, como ao nos enviar um e-mail por meio da p\u00e1gina \u201cContate-nos\u201d, ou postar informa\u00e7\u00f5es em \u00e1reas compartilhadas do Site. Se incluirmos recursos como blogs, que permitem a postagem de coment\u00e1rios ou de outros materiais que se possa esperar razoavelmente que ser\u00e3o exibidos no Site e que incluir\u00e3o direta ou indiretamente IPIs e esses recursos n\u00e3o forem sujeitos a outros termos e condi\u00e7\u00f5es e\/ou pol\u00edticas de privacidade, voc\u00ea reconhece e concorda que qualquer IPI que voc\u00ea incluir nesses coment\u00e1rios ou materiais pode ser publicamente acess\u00edvel e que n\u00e3o podemos controlar o modo como outros podem usar essa IPI.<\/p>\n<p>Informa\u00e7\u00f5es coletadas automaticamente<\/p>\n<p>Quando voc\u00ea visita o Site, algumas Informa\u00e7\u00f5es An\u00f4nimas s\u00e3o automaticamente coletadas relacionadas a essa visita. Os servidores do BID coletam logs an\u00f4nimos durante visitas de usu\u00e1rios ao Site. Isso pode ser feito por meio de cookies, \u201cGIFs transparentes\u201d (tamb\u00e9m chamados de \u201cweb beacons\u201d ou \u201cpixel tags\u201d) ou tecnologias similares para reter informa\u00e7\u00f5es sobre voc\u00ea e seu uso do Site.<\/p>\n<p>Cookies s\u00e3o pequenos arquivos de dados que s\u00e3o enviados de um servidor de internet para seu navegador ou software relacionado e armazenados em seu computador ou dispositivo. Cookies com frequ\u00eancia incluem um identificador an\u00f4nimo \u00fanico e rastreiam e armazenam suas prefer\u00eancias de usu\u00e1rio enquanto usa o Site, bem como informa\u00e7\u00f5es t\u00e9cnicas sobre seu uso do Site.<\/p>\n<p>A maioria dos navegadores pode ser configurada para informar voc\u00ea quando um cookie tiver sido enviado e lhe dar a oportunidade de recusar esse cookie. No entanto, recusar um cookie pode, em alguns casos, impossibilitar que voc\u00ea use o Site ou algumas \u00e1reas ou recursos do Site ou afetar negativamente a exibi\u00e7\u00e3o ou fun\u00e7\u00e3o do Site ou de algumas de suas \u00e1reas ou recursos. Para saber mais sobre cookies, inclusive como ver quais cookies foram enviados e como administr\u00e1-los e apag\u00e1-los, visite http:\/\/www.allaboutcookies.org\/.<\/p>\n<p>Coletamos automaticamente dados sobre seu endere\u00e7o IP. Al\u00e9m disso, se voc\u00ea acessar o Site de um telefone celular ou outro dispositivo, o identificador de dispositivo atribu\u00eddo a esse dispositivo espec\u00edfico ou outras informa\u00e7\u00f5es de transa\u00e7\u00f5es referentes a esse dispositivo tamb\u00e9m podem ser coletados.<\/p>\n<p>Todas essas tecnologias s\u00e3o projetadas para melhorar e personalizar sua experi\u00eancia de uso do Site. Ao usar o Site, voc\u00ea concorda com o uso das tecnologias de rastreamento conforme descritas acima.<\/p>\n<p>Uso das informa\u00e7\u00f5es coletadas por meio do Site<\/p>\n<p>Podemos usar as IPIs que coletamos de voc\u00ea (conforme descrito acima) para lhe enviar mensagens de e-mail, mala direta, outras formas de comunica\u00e7\u00e3o ou contat\u00e1-lo de algum outro modo em resposta \u00e0s suas solicita\u00e7\u00f5es. Tamb\u00e9m podemos usar suas IPIs para lhe enviar informa\u00e7\u00f5es que possam ser de seu interesse, como descri\u00e7\u00f5es de novos projetos, atividades do BID e de outras organiza\u00e7\u00f5es, recursos para financiamento, etc. Podemos ainda usar suas IPIs para fins de manuten\u00e7\u00e3o de registros dentro do BID e podemos combinar as IPIs que coletamos de voc\u00ea com outras informa\u00e7\u00f5es, incluindo IPIs e n\u00e3o-IPIs obtidas de outras fontes, inclusive de outros Usu\u00e1rios, para fins de an\u00e1lises relevantes para o Site e para os outros objetivos do BID.<\/p>\n<p>Quando voc\u00ea tiver pedido para receber atualiza\u00e7\u00f5es nossas por e-mail, podemos periodicamente lhe enviar e-mails que promovam ou contenham informa\u00e7\u00f5es relacionadas ao uso do Site e\/ou do BID. Quando receber um e-mail nosso, voc\u00ea pode indicar a prefer\u00eancia de parar de receb\u00ea-los e, dessa forma, n\u00e3o receber mais e-mails nossos, seguindo as instru\u00e7\u00f5es para \u201cunsubscribe\u201d fornecidas no(s) e-mail(s) que tiver recebido ou enviando-nos uma solicita\u00e7\u00e3o de \u201cexclus\u00e3o\u201d usando as informa\u00e7\u00f5es de contato fornecidas abaixo, conforme aplic\u00e1vel.<\/p>\n<p>Usamos as Informa\u00e7\u00f5es An\u00f4nimas que coletamos para analisar o comportamento de visitantes do Site como uma medida do uso e do interesse pelo Site e pelos v\u00e1rios servi\u00e7os que oferecemos. Essas informa\u00e7\u00f5es s\u00e3o usadas para criar estat\u00edsticas agregadas relacionadas, por exemplo, a quando o Site \u00e9 acessado, \u00e0s p\u00e1ginas que encaminham os visitantes ao Site, ao tipo de navegadores que os visitantes usam e quais p\u00e1ginas do Site s\u00e3o visualizadas. Essas estat\u00edsticas nos ajudam a entender como o Site \u00e9 usado e nos proporcionam informa\u00e7\u00f5es valiosas para melhorar o Site no futuro.<\/p>\n<p><strong>COMPARTILHAMENTO DE INFORMA\u00c7\u00d5ES COLETADAS POR MEIO DO SITE<\/strong><\/p>\n<p>Divulga\u00e7\u00e3o por obriga\u00e7\u00e3o legal<\/p>\n<p>Podemos revelar IPIs ou outras informa\u00e7\u00f5es coletadas por meio do Site em resposta a um processo legal ou quando acreditarmos de boa f\u00e9 que a lei assim o exige, por exemplo, em resposta a uma ordem judicial, intima\u00e7\u00e3o ou solicita\u00e7\u00e3o de um \u00f3rg\u00e3o policial. Tamb\u00e9m podemos revelar essas informa\u00e7\u00f5es para proteger a seguran\u00e7a e opera\u00e7\u00e3o do Site ou os direitos de outros usu\u00e1rios do Site, e para proteger a n\u00f3s mesmos e nossos parceiros, afiliados, consultores, fornecedores e prestadores de responsabilidade civil, ou se tivermos raz\u00e3o para acreditar que algu\u00e9m est\u00e1 causando ou amea\u00e7ando causar preju\u00edzo ou interfer\u00eancia aos direitos ou propriedade do BID, bem como para prote\u00e7\u00e3o contra fraude.<\/p>\n<p>Transfer\u00eancias comerciais<\/p>\n<p>Caso uma parte dos ativos ou opera\u00e7\u00f5es do BID seja vendida ou cedida, fundida ou transferida de alguma maneira para uma parte que n\u00e3o o BID, podemos transferir suas IPIs como parte da transa\u00e7\u00e3o. No caso de tal transfer\u00eancia ocorrer, o BID usar\u00e1 os esfor\u00e7os razo\u00e1veis para garantir que suas IPIs permane\u00e7am sujeitas aos mesmos tipos de prote\u00e7\u00e3o que antes da transfer\u00eancia. No entanto, depois que suas IPIs forem transferidas em tal transa\u00e7\u00e3o, elas n\u00e3o estar\u00e3o mais sujeitas a esta Pol\u00edtica de Privacidade e voc\u00ea ter\u00e1 que examinar as pol\u00edticas e pr\u00e1ticas da parte que recebeu as informa\u00e7\u00f5es para saber o tipo de prote\u00e7\u00e3o que passou a ser conferido \u00e0s IPIs.<\/p>\n<p>Atualiza\u00e7\u00f5es de informa\u00e7\u00f5es pessoais<\/p>\n<p>Caso voc\u00ea tenha nos fornecido IPIs, seja pelo uso de um dos m\u00e9todos de \u201ccontate-nos\u201d no Site, ou fazendo uso das oportunidades de incluir essas informa\u00e7\u00f5es em blogs ou recursos similares, pode solicitar que essas IPIs sejam corrigidas ou apagadas. Para sua prote\u00e7\u00e3o, s\u00f3 atenderemos essas solicita\u00e7\u00f5es se forem referentes \u00e0s IPIs associadas ao endere\u00e7o de e-mail espec\u00edfico que voc\u00ea usar para nos enviar sua solicita\u00e7\u00e3o, e podemos ter que verificar sua identidade antes de atender \u00e0 sua solicita\u00e7\u00e3o.<\/p>\n<p>Procuraremos atender \u00e0 sua solicita\u00e7\u00e3o t\u00e3o logo quanto for razoavelmente pratic\u00e1vel, incluindo solicita\u00e7\u00f5es para apagar suas IPIs de nossos registros. Talvez precisemos reter algumas informa\u00e7\u00f5es para fins de manuten\u00e7\u00e3o de registros, e tamb\u00e9m pode haver informa\u00e7\u00f5es residuais que permanecer\u00e3o em nossos bancos de dados e em outros registros e que n\u00e3o ser\u00e3o removidas.<\/p>\n<p>Observe que n\u00e3o somos respons\u00e1veis por corrigir, atualizar ou apagar qualquer informa\u00e7\u00e3o IPI no Site. N\u00e3o podemos controlar o uso ou retransmiss\u00e3o de nenhuma IPI que j\u00e1 tenha sido recuperada por algum visitante do Site.<\/p>\n<p>Seguran\u00e7a dos dados<\/p>\n<p>N\u00f3s nos esfor\u00e7amos para proteger a seguran\u00e7a e integridade das IPIs que coletamos implementando procedimentos f\u00edsicos, eletr\u00f4nicos e administrativos para salvaguardar e proteger as informa\u00e7\u00f5es contra perda, mau uso, acesso ou divulga\u00e7\u00e3o n\u00e3o autorizados, altera\u00e7\u00e3o ou destrui\u00e7\u00e3o. No entanto, devido \u00e0 natureza inerente da internet como um ve\u00edculo de comunica\u00e7\u00e3o global aberto, n\u00e3o podemos garantir que qualquer informa\u00e7\u00e3o, seja durante a transmiss\u00e3o pela internet ou enquanto armazenada em nossos sistemas de dados ou mantida de alguma outra forma por n\u00f3s, estar\u00e1 absolutamente segura contra intrus\u00e3o de outros, como hackers. Isso inclui informa\u00e7\u00f5es que nos s\u00e3o fornecidas por e-mail, por postagens diretas no Site ou pelo recurso \u201cContate-nos\u201d no Site. Ao fornecer informa\u00e7\u00f5es por esses canais, voc\u00ea deve estar ciente de que sua transmiss\u00e3o talvez n\u00e3o seja segura enquanto estiver em tr\u00e2nsito, e que um terceiro talvez possa ver as informa\u00e7\u00f5es em tr\u00e2nsito.<\/p>\n<p>Reten\u00e7\u00e3o de dados<\/p>\n<p>N\u00f3s retemos IPIs e Informa\u00e7\u00f5es An\u00f4nimas coletadas por meio do Site para fins operacionais, de manuten\u00e7\u00e3o de registros e legais. Reteremos IPIs sobre voc\u00ea pelo per\u00edodo necess\u00e1rio para atender aos prop\u00f3sitos definidos nesta Pol\u00edtica ou em nossas pol\u00edticas de reten\u00e7\u00e3o de dados, a menos que um per\u00edodo de reten\u00e7\u00e3o mais longo seja requerido por lei.<\/p>\n<p>Transfer\u00eancias internacionais de dados<\/p>\n<p>Quando voc\u00ea nos envia informa\u00e7\u00f5es pelo Site ou de outra forma, essas informa\u00e7\u00f5es (incluindo IPIs) ser\u00e3o processadas nos Estados Unidos. As leis de prote\u00e7\u00e3o de dados e outras leis de privacidade nos Estados Unidos podem n\u00e3o proporcionar o mesmo n\u00edvel de prote\u00e7\u00e3o que as leis de alguns outros pa\u00edses. Ao fornecer informa\u00e7\u00f5es pessoais ao BID de fora dos Estados Unidos, seja diretamente ou indiretamente pelo Site ou de outro modo, voc\u00ea concorda expressamente com a transfer\u00eancia de suas informa\u00e7\u00f5es para os Estados Unidos, de acordo com as medidas de prote\u00e7\u00e3o descritas nesta Pol\u00edtica de Privacidade.<\/p>\n<p>Privacidade de crian\u00e7as<\/p>\n<p>O Site n\u00e3o \u00e9 direcionado a menores e n\u00f3s n\u00e3o coletamos ou mantemos intencionalmente nenhuma informa\u00e7\u00e3o pessoal referente a pessoas com idade abaixo de 13 anos.<\/p>\n<p>Servi\u00e7os vinculados<\/p>\n<p>O Site pode conter links para websites de terceiros. Nosso oferecimento de um link para qualquer outro website ou localiza\u00e7\u00e3o visa a sua conveni\u00eancia e n\u00e3o implica nosso endosso a esse outro website ou localiza\u00e7\u00e3o ou seus conte\u00fados. O BID n\u00e3o controla os websites, aplicativos ou outros servi\u00e7os que s\u00e3o operados por terceiros e n\u00f3s n\u00e3o somos respons\u00e1veis pelas pr\u00e1ticas de privacidade e prote\u00e7\u00e3o dos dados desses websites, aplicativos ou outros servi\u00e7os. Desse modo, recomendamos que, quando voc\u00ea acessar esses outros websites, aplicativos ou servi\u00e7os, familiarize-se com as pol\u00edticas e pr\u00e1ticas de privacidade que governam esse outro website, aplicativo ou servi\u00e7o.<\/p>\n<p><strong>CONTATE-NOS<\/strong><\/p>\n<p>Se tiver alguma d\u00favida ou coment\u00e1rio referente a nossas pr\u00e1ticas de privacidade, pode nos contatar em: <a href=\"https:\/\/www.iadb.org\/en\/access-information\/home\">http:\/\/www.iadb.org\/en\/information-request18885.html<\/a><\/p>\n<p>&nbsp;<\/p>\n\t\t\t\t\t\t\t\t<\/div>\n\t\t\t\t<\/div>\n\t\t\t\t\t<\/div>\n\t\t<\/div>\n\t\t\t\t\t<\/div>\n\t\t<\/section>\n\t\t\t\t<\/div>\n\t\t","protected":false},"excerpt":{"rendered":"<p>INTRODU\u00c7\u00c3O Esta Pol\u00edtica de Privacidade estabelece as pol\u00edticas e pr\u00e1ticas de prote\u00e7\u00e3o de dados do website do Banco Interamericano de Desenvolvimento (\u201cBID\u201d, \u201cn\u00f3s\u201d ou \u201cnosso\u201d), geralmente indicado pela URL \u201ciadb.org\u201d e seus dom\u00ednios de n\u00edvel inferior (o \u201cSite\u201d). Conforme explicado nos Termos de Uso do BID, em que esta Pol\u00edtica de Privacidade \u00e9 incorporada por &#8230; <a title=\"Pol\u00edtica de Privacidade\" class=\"read-more\" href=\"https:\/\/www.caminodelosjesuitas.com\/pt-br\/politica-de-privacidade\/\" aria-label=\"Read more about Pol\u00edtica de Privacidade\">Ler mais<\/a><\/p>\n","protected":false},"author":7,"featured_media":0,"parent":0,"menu_order":0,"comment_status":"closed","ping_status":"closed","template":"","meta":{"_acf_changed":false,"inline_featured_image":false,"footnotes":""},"class_list":["post-6584","page","type-page","status-publish"],"acf":[],"yoast_head":"<!-- This site is optimized with the Yoast SEO plugin v25.4 - https:\/\/yoast.com\/wordpress\/plugins\/seo\/ -->\n<title>Pol\u00edtica de Privacidade - Camino de los Jesuitas<\/title>\n<meta name=\"robots\" content=\"index, follow, max-snippet:-1, max-image-preview:large, max-video-preview:-1\" \/>\n<link rel=\"canonical\" href=\"https:\/\/www.caminodelosjesuitas.com\/pt-br\/politica-de-privacidade\/\" \/>\n<meta property=\"og:locale\" content=\"pt_BR\" \/>\n<meta property=\"og:type\" content=\"article\" \/>\n<meta property=\"og:title\" content=\"Pol\u00edtica de Privacidade - Camino de los Jesuitas\" \/>\n<meta property=\"og:description\" content=\"INTRODU\u00c7\u00c3O Esta Pol\u00edtica de Privacidade estabelece as pol\u00edticas e pr\u00e1ticas de prote\u00e7\u00e3o de dados do website do Banco Interamericano de Desenvolvimento (\u201cBID\u201d, \u201cn\u00f3s\u201d ou \u201cnosso\u201d), geralmente indicado pela URL \u201ciadb.org\u201d e seus dom\u00ednios de n\u00edvel inferior (o \u201cSite\u201d). Conforme explicado nos Termos de Uso do BID, em que esta Pol\u00edtica de Privacidade \u00e9 incorporada por ... Ler mais\" \/>\n<meta property=\"og:url\" content=\"https:\/\/www.caminodelosjesuitas.com\/pt-br\/politica-de-privacidade\/\" \/>\n<meta property=\"og:site_name\" content=\"Camino de los Jesuitas\" \/>\n<meta property=\"article:modified_time\" content=\"2021-08-26T08:30:36+00:00\" \/>\n<meta name=\"twitter:card\" content=\"summary_large_image\" \/>\n<meta name=\"twitter:label1\" content=\"Est. tempo de leitura\" \/>\n\t<meta name=\"twitter:data1\" content=\"11 minutos\" \/>\n<script type=\"application\/ld+json\" class=\"yoast-schema-graph\">{\"@context\":\"https:\/\/schema.org\",\"@graph\":[{\"@type\":\"WebPage\",\"@id\":\"https:\/\/www.caminodelosjesuitas.com\/pt-br\/politica-de-privacidade\/\",\"url\":\"https:\/\/www.caminodelosjesuitas.com\/pt-br\/politica-de-privacidade\/\",\"name\":\"Pol\u00edtica de Privacidade - Camino de los Jesuitas\",\"isPartOf\":{\"@id\":\"https:\/\/www.caminodelosjesuitas.com\/pt-br\/#website\"},\"datePublished\":\"2021-08-26T08:17:58+00:00\",\"dateModified\":\"2021-08-26T08:30:36+00:00\",\"breadcrumb\":{\"@id\":\"https:\/\/www.caminodelosjesuitas.com\/pt-br\/politica-de-privacidade\/#breadcrumb\"},\"inLanguage\":\"pt-BR\",\"potentialAction\":[{\"@type\":\"ReadAction\",\"target\":[\"https:\/\/www.caminodelosjesuitas.com\/pt-br\/politica-de-privacidade\/\"]}]},{\"@type\":\"BreadcrumbList\",\"@id\":\"https:\/\/www.caminodelosjesuitas.com\/pt-br\/politica-de-privacidade\/#breadcrumb\",\"itemListElement\":[{\"@type\":\"ListItem\",\"position\":1,\"name\":\"Home\",\"item\":\"https:\/\/www.caminodelosjesuitas.com\/pt-br\/\"},{\"@type\":\"ListItem\",\"position\":2,\"name\":\"Pol\u00edtica de Privacidade\"}]},{\"@type\":\"WebSite\",\"@id\":\"https:\/\/www.caminodelosjesuitas.com\/pt-br\/#website\",\"url\":\"https:\/\/www.caminodelosjesuitas.com\/pt-br\/\",\"name\":\"Camino de los Jesuitas\",\"description\":\"Una gran historia. Mil aventuras.\",\"publisher\":{\"@id\":\"https:\/\/www.caminodelosjesuitas.com\/pt-br\/#organization\"},\"potentialAction\":[{\"@type\":\"SearchAction\",\"target\":{\"@type\":\"EntryPoint\",\"urlTemplate\":\"https:\/\/www.caminodelosjesuitas.com\/pt-br\/?s={search_term_string}\"},\"query-input\":{\"@type\":\"PropertyValueSpecification\",\"valueRequired\":true,\"valueName\":\"search_term_string\"}}],\"inLanguage\":\"pt-BR\"},{\"@type\":\"Organization\",\"@id\":\"https:\/\/www.caminodelosjesuitas.com\/pt-br\/#organization\",\"name\":\"Camino de los Jesuitas\",\"url\":\"https:\/\/www.caminodelosjesuitas.com\/pt-br\/\",\"logo\":{\"@type\":\"ImageObject\",\"inLanguage\":\"pt-BR\",\"@id\":\"https:\/\/www.caminodelosjesuitas.com\/pt-br\/#\/schema\/logo\/image\/\",\"url\":\"https:\/\/www.caminodelosjesuitas.com\/wp-content\/uploads\/2025\/11\/logo-header-caminos.svg\",\"contentUrl\":\"https:\/\/www.caminodelosjesuitas.com\/wp-content\/uploads\/2025\/11\/logo-header-caminos.svg\",\"caption\":\"Camino de los Jesuitas\"},\"image\":{\"@id\":\"https:\/\/www.caminodelosjesuitas.com\/pt-br\/#\/schema\/logo\/image\/\"}}]}<\/script>\n<!-- \/ Yoast SEO plugin. -->","yoast_head_json":{"title":"Pol\u00edtica de Privacidade - Camino de los Jesuitas","robots":{"index":"index","follow":"follow","max-snippet":"max-snippet:-1","max-image-preview":"max-image-preview:large","max-video-preview":"max-video-preview:-1"},"canonical":"https:\/\/www.caminodelosjesuitas.com\/pt-br\/politica-de-privacidade\/","og_locale":"pt_BR","og_type":"article","og_title":"Pol\u00edtica de Privacidade - Camino de los Jesuitas","og_description":"INTRODU\u00c7\u00c3O Esta Pol\u00edtica de Privacidade estabelece as pol\u00edticas e pr\u00e1ticas de prote\u00e7\u00e3o de dados do website do Banco Interamericano de Desenvolvimento (\u201cBID\u201d, \u201cn\u00f3s\u201d ou \u201cnosso\u201d), geralmente indicado pela URL \u201ciadb.org\u201d e seus dom\u00ednios de n\u00edvel inferior (o \u201cSite\u201d). Conforme explicado nos Termos de Uso do BID, em que esta Pol\u00edtica de Privacidade \u00e9 incorporada por ... Ler mais","og_url":"https:\/\/www.caminodelosjesuitas.com\/pt-br\/politica-de-privacidade\/","og_site_name":"Camino de los Jesuitas","article_modified_time":"2021-08-26T08:30:36+00:00","twitter_card":"summary_large_image","twitter_misc":{"Est. tempo de leitura":"11 minutos"},"schema":{"@context":"https:\/\/schema.org","@graph":[{"@type":"WebPage","@id":"https:\/\/www.caminodelosjesuitas.com\/pt-br\/politica-de-privacidade\/","url":"https:\/\/www.caminodelosjesuitas.com\/pt-br\/politica-de-privacidade\/","name":"Pol\u00edtica de Privacidade - Camino de los Jesuitas","isPartOf":{"@id":"https:\/\/www.caminodelosjesuitas.com\/pt-br\/#website"},"datePublished":"2021-08-26T08:17:58+00:00","dateModified":"2021-08-26T08:30:36+00:00","breadcrumb":{"@id":"https:\/\/www.caminodelosjesuitas.com\/pt-br\/politica-de-privacidade\/#breadcrumb"},"inLanguage":"pt-BR","potentialAction":[{"@type":"ReadAction","target":["https:\/\/www.caminodelosjesuitas.com\/pt-br\/politica-de-privacidade\/"]}]},{"@type":"BreadcrumbList","@id":"https:\/\/www.caminodelosjesuitas.com\/pt-br\/politica-de-privacidade\/#breadcrumb","itemListElement":[{"@type":"ListItem","position":1,"name":"Home","item":"https:\/\/www.caminodelosjesuitas.com\/pt-br\/"},{"@type":"ListItem","position":2,"name":"Pol\u00edtica de Privacidade"}]},{"@type":"WebSite","@id":"https:\/\/www.caminodelosjesuitas.com\/pt-br\/#website","url":"https:\/\/www.caminodelosjesuitas.com\/pt-br\/","name":"Camino de los Jesuitas","description":"Una gran historia. Mil aventuras.","publisher":{"@id":"https:\/\/www.caminodelosjesuitas.com\/pt-br\/#organization"},"potentialAction":[{"@type":"SearchAction","target":{"@type":"EntryPoint","urlTemplate":"https:\/\/www.caminodelosjesuitas.com\/pt-br\/?s={search_term_string}"},"query-input":{"@type":"PropertyValueSpecification","valueRequired":true,"valueName":"search_term_string"}}],"inLanguage":"pt-BR"},{"@type":"Organization","@id":"https:\/\/www.caminodelosjesuitas.com\/pt-br\/#organization","name":"Camino de los Jesuitas","url":"https:\/\/www.caminodelosjesuitas.com\/pt-br\/","logo":{"@type":"ImageObject","inLanguage":"pt-BR","@id":"https:\/\/www.caminodelosjesuitas.com\/pt-br\/#\/schema\/logo\/image\/","url":"https:\/\/www.caminodelosjesuitas.com\/wp-content\/uploads\/2025\/11\/logo-header-caminos.svg","contentUrl":"https:\/\/www.caminodelosjesuitas.com\/wp-content\/uploads\/2025\/11\/logo-header-caminos.svg","caption":"Camino de los Jesuitas"},"image":{"@id":"https:\/\/www.caminodelosjesuitas.com\/pt-br\/#\/schema\/logo\/image\/"}}]}},"_links":{"self":[{"href":"https:\/\/www.caminodelosjesuitas.com\/pt-br\/wp-json\/wp\/v2\/pages\/6584","targetHints":{"allow":["GET"]}}],"collection":[{"href":"https:\/\/www.caminodelosjesuitas.com\/pt-br\/wp-json\/wp\/v2\/pages"}],"about":[{"href":"https:\/\/www.caminodelosjesuitas.com\/pt-br\/wp-json\/wp\/v2\/types\/page"}],"author":[{"embeddable":true,"href":"https:\/\/www.caminodelosjesuitas.com\/pt-br\/wp-json\/wp\/v2\/users\/7"}],"replies":[{"embeddable":true,"href":"https:\/\/www.caminodelosjesuitas.com\/pt-br\/wp-json\/wp\/v2\/comments?post=6584"}],"version-history":[{"count":0,"href":"https:\/\/www.caminodelosjesuitas.com\/pt-br\/wp-json\/wp\/v2\/pages\/6584\/revisions"}],"wp:attachment":[{"href":"https:\/\/www.caminodelosjesuitas.com\/pt-br\/wp-json\/wp\/v2\/media?parent=6584"}],"curies":[{"name":"wp","href":"https:\/\/api.w.org\/{rel}","templated":true}]}}